{"id":6576,"date":"2022-09-27T10:02:59","date_gmt":"2022-09-27T10:02:59","guid":{"rendered":"https:\/\/nescopaddenstoelen.nl\/karriere-bei\/"},"modified":"2023-02-23T11:31:33","modified_gmt":"2023-02-23T11:31:33","slug":"karriere-bei","status":"publish","type":"page","link":"https:\/\/nescopaddenstoelen.nl\/de\/karriere-bei\/","title":{"rendered":"Karriere bei"},"content":{"rendered":"<p>[et_pb_section fb_built=&#8220;1&#8243; _builder_version=&#8220;4.17.6&#8243; _module_preset=&#8220;default&#8220; background_color=&#8220;RGBA(0,0,0,0)&#8220; background_image=&#8220;https:\/\/nescopaddenstoelen.nl\/wp-content\/uploads\/2022\/09\/Nesco-header-mix.jpg&#8220; parallax=&#8220;on&#8220; z_index=&#8220;10&#8243; width=&#8220;100%&#8220; custom_margin=&#8220;-140px||0px||false|false&#8220; custom_margin_tablet=&#8220;-140px||0px||false|false&#8220; custom_margin_phone=&#8220;-50px||||false|false&#8220; custom_margin_last_edited=&#8220;on|desktop&#8220; custom_padding=&#8220;0px||0px||true|false&#8220; background_last_edited=&#8220;on|phone&#8220; global_colors_info=&#8220;{}&#8220;][et_pb_row custom_padding_last_edited=&#8220;on|desktop&#8220; _builder_version=&#8220;4.17.4&#8243; _module_preset=&#8220;default&#8220; background_image=&#8220;https:\/\/nescopaddenstoelen.nl\/wp-content\/uploads\/2023\/02\/header-2.svg&#8220; background_position=&#8220;bottom_center&#8220; z_index=&#8220;10&#8243; width=&#8220;100%&#8220; max_width=&#8220;100%&#8220; custom_margin=&#8220;0px||0px||true|false&#8220; custom_padding=&#8220;30vw||10vw||false|false&#8220; custom_padding_tablet=&#8220;40vw||10vw||false|false&#8220; custom_padding_phone=&#8220;40vw||10vw||false|false&#8220; global_colors_info=&#8220;{}&#8220;][et_pb_column type=&#8220;4_4&#8243; _builder_version=&#8220;4.16&#8243; _module_preset=&#8220;default&#8220; global_colors_info=&#8220;{}&#8220;][\/et_pb_column][\/et_pb_row][\/et_pb_section][et_pb_section fb_built=&#8220;1&#8243; _builder_version=&#8220;4.17.6&#8243; _module_preset=&#8220;default&#8220; background_color=&#8220;RGBA(0,0,0,0)&#8220; background_enable_image=&#8220;off&#8220; background_position=&#8220;bottom_center&#8220; z_index=&#8220;30&#8243; custom_margin=&#8220;-4%||0px||false|false&#8220; custom_margin_tablet=&#8220;-4%||||false|false&#8220; custom_margin_phone=&#8220;-5%||||false|false&#8220; custom_margin_last_edited=&#8220;on|tablet&#8220; custom_padding=&#8220;0px||0px||true|false&#8220; global_colors_info=&#8220;{}&#8220;][et_pb_row _builder_version=&#8220;4.16&#8243; _module_preset=&#8220;default&#8220; width=&#8220;100%&#8220; max_width=&#8220;80%&#8220; custom_margin=&#8220;0px||0px||true|false&#8220; custom_padding=&#8220;0px||0px||true|false&#8220; global_colors_info=&#8220;{}&#8220;][et_pb_column type=&#8220;4_4&#8243; _builder_version=&#8220;4.16&#8243; _module_preset=&#8220;default&#8220; global_colors_info=&#8220;{}&#8220;][et_pb_text _builder_version=&#8220;4.17.6&#8243; _module_preset=&#8220;default&#8220; header_font=&#8220;Quicksand|700|||||||&#8220; header_text_color=&#8220;#FFFFFF&#8220; header_font_size=&#8220;3vw&#8220; header_font_size_tablet=&#8220;&#8220; header_font_size_phone=&#8220;4vw&#8220; header_font_size_last_edited=&#8220;on|phone&#8220; global_colors_info=&#8220;{}&#8220;]<\/p>\n<h1>Stellenangebote<\/h1>\n<p>[\/et_pb_text][\/et_pb_column][\/et_pb_row][\/et_pb_section][et_pb_section fb_built=&#8220;1&#8243; custom_padding_last_edited=&#8220;on|tablet&#8220; _builder_version=&#8220;4.17.6&#8243; _module_preset=&#8220;default&#8220; background_color=&#8220;RGBA(0,0,0,0)&#8220; background_image=&#8220;https:\/\/nescopaddenstoelen.nl\/wp-content\/uploads\/2023\/02\/bovenkant-champignon-2.svg&#8220; background_position=&#8220;top_center&#8220; z_index=&#8220;10&#8243; custom_margin=&#8220;||0px||false|false&#8220; custom_margin_tablet=&#8220;-10px||||false|false&#8220; custom_margin_phone=&#8220;||||false|false&#8220; custom_margin_last_edited=&#8220;on|phone&#8220; custom_padding=&#8220;30vw||3vw||false|false&#8220; custom_padding_tablet=&#8220;30vw||||false|false&#8220; custom_padding_phone=&#8220;20vw||20vw||false|false&#8220; background_last_edited=&#8220;on|phone&#8220; background_size_phone=&#8220;contain&#8220; global_colors_info=&#8220;{}&#8220;][\/et_pb_section][et_pb_section fb_built=&#8220;1&#8243; _builder_version=&#8220;4.16&#8243; _module_preset=&#8220;default&#8220; background_color=&#8220;RGBA(0,0,0,0)&#8220; z_index=&#8220;50&#8243; custom_margin=&#8220;-36%||||false|false&#8220; custom_margin_tablet=&#8220;&#8220; custom_margin_phone=&#8220;-40%||||false|false&#8220; custom_margin_last_edited=&#8220;on|tablet&#8220; custom_padding=&#8220;||2px||false|false&#8220; locked=&#8220;off&#8220; global_colors_info=&#8220;{}&#8220;][et_pb_row column_structure=&#8220;1_2,1_2&#8243; _builder_version=&#8220;4.16&#8243; _module_preset=&#8220;default&#8220; width=&#8220;100%&#8220; max_width=&#8220;75%&#8220; custom_padding=&#8220;200px|||||&#8220; global_colors_info=&#8220;{}&#8220;][et_pb_column type=&#8220;1_2&#8243; _builder_version=&#8220;4.16&#8243; _module_preset=&#8220;default&#8220; global_colors_info=&#8220;{}&#8220;][\/et_pb_column][et_pb_column type=&#8220;1_2&#8243; _builder_version=&#8220;4.17.4&#8243; _module_preset=&#8220;default&#8220; global_colors_info=&#8220;{}&#8220;][\/et_pb_column][\/et_pb_row][et_pb_row column_structure=&#8220;1_2,1_2&#8243; _builder_version=&#8220;4.16&#8243; _module_preset=&#8220;default&#8220; width=&#8220;100%&#8220; max_width=&#8220;75%&#8220; global_colors_info=&#8220;{}&#8220;][et_pb_column type=&#8220;1_2&#8243; _builder_version=&#8220;4.16&#8243; _module_preset=&#8220;default&#8220; global_colors_info=&#8220;{}&#8220;][et_pb_text _builder_version=&#8220;4.18.0&#8243; _module_preset=&#8220;default&#8220; text_font=&#8220;Quicksand|300|||||||&#8220; text_text_color=&#8220;#1D1D1B&#8220; text_font_size=&#8220;23px&#8220; text_line_height=&#8220;1.8em&#8220; link_text_color=&#8220;#39B54A&#8220; header_text_color=&#8220;#00AA84&#8243; header_font_size=&#8220;3vw&#8220; header_2_font=&#8220;Quicksand|700|||||||&#8220; header_2_text_color=&#8220;#000000&#8243; header_2_font_size=&#8220;28px&#8220; header_4_text_color=&#8220;#33281f&#8220; header_4_font_size=&#8220;1.5vw&#8220; width=&#8220;100%&#8220; width_tablet=&#8220;80%&#8220; width_phone=&#8220;100%&#8220; width_last_edited=&#8220;on|phone&#8220; animation_style=&#8220;fade&#8220; header_font_size_tablet=&#8220;4vw&#8220; header_font_size_phone=&#8220;5vw&#8220; header_font_size_last_edited=&#8220;on|phone&#8220; header_4_font_size_tablet=&#8220;3vw&#8220; header_4_font_size_phone=&#8220;3vw&#8220; header_4_font_size_last_edited=&#8220;on|desktop&#8220; global_colors_info=&#8220;{}&#8220;]<\/p>\n<h2>Aktuell haben wir keine Stelle offen. Bitte <a href=\"mb-dev.online\/nesco\/contact\/\">kontaktieren<\/a> Sie uns f\u00fcr eine offene Bewerbung. <\/h2>\n<p>[\/et_pb_text][et_pb_text _builder_version=&#8220;4.18.0&#8243; _module_preset=&#8220;default&#8220; text_font=&#8220;Quicksand|300|||||||&#8220; text_text_color=&#8220;#1D1D1B&#8220; text_font_size=&#8220;23px&#8220; text_line_height=&#8220;1.8em&#8220; link_text_color=&#8220;#39B54A&#8220; header_text_color=&#8220;#00AA84&#8243; header_font_size=&#8220;3vw&#8220; header_2_font=&#8220;Quicksand|700|||||||&#8220; header_2_text_color=&#8220;#000000&#8243; header_2_font_size=&#8220;28px&#8220; header_4_text_color=&#8220;#33281f&#8220; header_4_font_size=&#8220;1.5vw&#8220; width=&#8220;100%&#8220; width_tablet=&#8220;80%&#8220; width_phone=&#8220;100%&#8220; width_last_edited=&#8220;on|phone&#8220; animation_style=&#8220;fade&#8220; header_font_size_tablet=&#8220;4vw&#8220; header_font_size_phone=&#8220;5vw&#8220; header_font_size_last_edited=&#8220;on|phone&#8220; header_4_font_size_tablet=&#8220;3vw&#8220; header_4_font_size_phone=&#8220;3vw&#8220; header_4_font_size_last_edited=&#8220;on|desktop&#8220; global_colors_info=&#8220;{}&#8220;]<\/p>\n<h2>Zbi\u00f3r pieczarek w Holandii<\/h2>\n<p>Nesco jest dystrybutorem Bio pieczarek. Obecnie pracuj\u0105 u nas 120 pracownikow w r\u00f3\u017cnych objektach w Holandii. Do naszej zgranej grupy szukamy os\u00f3b do pracy na zbi\u00f3r pieczarek.<br \/>\nMo\u017cliwo\u015b\u0107 startu od zaraz![\/et_pb_text][\/et_pb_column][et_pb_column type=&#8220;1_2&#8243; _builder_version=&#8220;4.17.4&#8243; _module_preset=&#8220;default&#8220; global_colors_info=&#8220;{}&#8220;][et_pb_image src=&#8220;https:\/\/nescopaddenstoelen.nl\/wp-content\/uploads\/2023\/02\/medewerkers1-2.svg&#8220; alt=&#8220;medewerkers1&#8243; title_text=&#8220;medewerkers1&#8243; _builder_version=&#8220;4.17.4&#8243; _module_preset=&#8220;default&#8220; z_index=&#8220;40&#8243; animation_style=&#8220;zoom&#8220; animation_direction=&#8220;left&#8220; global_colors_info=&#8220;{}&#8220;][\/et_pb_image][\/et_pb_column][\/et_pb_row][et_pb_row column_structure=&#8220;1_2,1_2&#8243; _builder_version=&#8220;4.16&#8243; _module_preset=&#8220;default&#8220; width=&#8220;100%&#8220; max_width=&#8220;75%&#8220; custom_padding=&#8220;0px|||||&#8220; global_colors_info=&#8220;{}&#8220;][et_pb_column type=&#8220;1_2&#8243; _builder_version=&#8220;4.16&#8243; _module_preset=&#8220;default&#8220; global_colors_info=&#8220;{}&#8220;][et_pb_image src=&#8220;https:\/\/nescopaddenstoelen.nl\/wp-content\/uploads\/2023\/02\/nesco-medewerkers-productie.jpg&#8220; alt=&#8220;nesco-medewerkers-productie&#8220; title_text=&#8220;nesco-medewerkers-productie&#8220; _builder_version=&#8220;4.18.0&#8243; _module_preset=&#8220;default&#8220; global_colors_info=&#8220;{}&#8220;][\/et_pb_image][et_pb_text _builder_version=&#8220;4.18.0&#8243; _module_preset=&#8220;default&#8220; text_font=&#8220;Quicksand|300|||||||&#8220; text_text_color=&#8220;#1D1D1B&#8220; text_font_size=&#8220;23px&#8220; text_line_height=&#8220;1.8em&#8220; link_text_color=&#8220;#39B54A&#8220; header_text_color=&#8220;#00AA84&#8243; header_font_size=&#8220;3vw&#8220; header_2_font=&#8220;Quicksand|700|||||||&#8220; header_2_text_color=&#8220;#000000&#8243; header_2_font_size=&#8220;28px&#8220; header_4_text_color=&#8220;#33281f&#8220; header_4_font_size=&#8220;1.5vw&#8220; width=&#8220;100%&#8220; width_tablet=&#8220;80%&#8220; width_phone=&#8220;100%&#8220; width_last_edited=&#8220;on|phone&#8220; animation_style=&#8220;fade&#8220; header_font_size_tablet=&#8220;4vw&#8220; header_font_size_phone=&#8220;5vw&#8220; header_font_size_last_edited=&#8220;on|phone&#8220; header_4_font_size_tablet=&#8220;3vw&#8220; header_4_font_size_phone=&#8220;3vw&#8220; header_4_font_size_last_edited=&#8220;on|desktop&#8220; global_colors_info=&#8220;{}&#8220;]<\/p>\n<h2>Oferujemy:<\/h2>\n<ul>\n<li>Kontrakt bezpo\u015brednio przez pracodawc\u0119, nie agencj\u0119<\/li>\n<li>Mo\u017cliwo\u015b\u0107 otrzymania bonusa<\/li>\n<li>Zakwaterowanie | \u20ac 10,- za dzien | W tym wliczone: internet + Polska TV.<\/li>\n<li>Ubezpieczenie zdrowotne | Akceptowane rowniez przez Narodowy Fundusz Zdrowia w Polsce.<\/li>\n<li>Gwarancja godzin | min 35 godz. tygondniowo | \u015brednio 40- 45 godz. tygodniowo | Mo\u017cliwo\u015b\u0107 nadgodzin<\/li>\n<li>D\u0142ugoterminowe, stabilne zatrudnienie<\/li>\n<li>Pomoc polskiego koordynatora<\/li>\n<\/ul>\n<p>[\/et_pb_text][et_pb_text _builder_version=&#8220;4.18.0&#8243; _module_preset=&#8220;default&#8220; text_font=&#8220;Quicksand|300|||||||&#8220; text_text_color=&#8220;#1D1D1B&#8220; text_font_size=&#8220;23px&#8220; text_line_height=&#8220;1.8em&#8220; link_text_color=&#8220;#39B54A&#8220; header_text_color=&#8220;#00AA84&#8243; header_font_size=&#8220;3vw&#8220; header_2_font=&#8220;Quicksand|700|||||||&#8220; header_2_text_color=&#8220;#39B54A&#8220; header_2_font_size=&#8220;2vw&#8220; header_4_text_color=&#8220;#33281f&#8220; header_4_font_size=&#8220;1.5vw&#8220; width=&#8220;100%&#8220; width_tablet=&#8220;80%&#8220; width_phone=&#8220;100%&#8220; width_last_edited=&#8220;on|phone&#8220; animation_style=&#8220;fade&#8220; header_font_size_tablet=&#8220;4vw&#8220; header_font_size_phone=&#8220;5vw&#8220; header_font_size_last_edited=&#8220;on|phone&#8220; header_2_font_size_tablet=&#8220;4vw&#8220; header_2_font_size_phone=&#8220;6vw&#8220; header_2_font_size_last_edited=&#8220;on|phone&#8220; header_4_font_size_tablet=&#8220;3vw&#8220; header_4_font_size_phone=&#8220;3vw&#8220; header_4_font_size_last_edited=&#8220;on|desktop&#8220; global_colors_info=&#8220;{}&#8220;]<\/p>\n<h2>Zainteresowanych prosz\u0119 o kontakt pod nr telefonu:<\/h2>\n<p>Prosimy aby dzwoni\u0107 miedzy god. 08:30 i 16:00<br \/>\n<strong>T<\/strong> <a href=\"tel:0031645400951\">+31 645400951<\/a><br \/>\n<strong>E<\/strong> <a href=\"mailto:hr@nescochampignons.nl\">hr@nescochampignons.nl<\/a>[\/et_pb_text][\/et_pb_column][et_pb_column type=&#8220;1_2&#8243; _builder_version=&#8220;4.17.4&#8243; _module_preset=&#8220;default&#8220; global_colors_info=&#8220;{}&#8220;][et_pb_text _builder_version=&#8220;4.18.0&#8243; _module_preset=&#8220;default&#8220; text_font=&#8220;Quicksand|300|||||||&#8220; text_text_color=&#8220;#1D1D1B&#8220; text_font_size=&#8220;23px&#8220; text_line_height=&#8220;1.8em&#8220; link_text_color=&#8220;#39B54A&#8220; header_text_color=&#8220;#00AA84&#8243; header_font_size=&#8220;3vw&#8220; header_2_font=&#8220;Quicksand|700|||||||&#8220; header_2_text_color=&#8220;#000000&#8243; header_2_font_size=&#8220;28px&#8220; header_4_text_color=&#8220;#33281f&#8220; header_4_font_size=&#8220;1.5vw&#8220; width=&#8220;100%&#8220; width_tablet=&#8220;80%&#8220; width_phone=&#8220;100%&#8220; width_last_edited=&#8220;on|phone&#8220; animation_style=&#8220;fade&#8220; header_font_size_tablet=&#8220;4vw&#8220; header_font_size_phone=&#8220;5vw&#8220; header_font_size_last_edited=&#8220;on|phone&#8220; header_4_font_size_tablet=&#8220;3vw&#8220; header_4_font_size_phone=&#8220;3vw&#8220; header_4_font_size_last_edited=&#8220;on|desktop&#8220; global_colors_info=&#8220;{}&#8220;]<\/p>\n<h2>Od kandydat\u00f3w wymagamy:<br \/>\n<\/h2>\n<ul>\n<li>Gotowo\u015b\u0107 do pracy na d\u0142u\u017cszy okres czasu\n<\/li>\n<li>Zaanga\u017cowania i ch\u0119ci do pracy<\/li>\n<\/ul>\n<p>[\/et_pb_text][et_pb_text _builder_version=&#8220;4.18.0&#8243; _module_preset=&#8220;default&#8220; text_font=&#8220;Quicksand|300|||||||&#8220; text_text_color=&#8220;#1D1D1B&#8220; text_font_size=&#8220;23px&#8220; text_line_height=&#8220;1.8em&#8220; link_text_color=&#8220;#39B54A&#8220; header_text_color=&#8220;#00AA84&#8243; header_font_size=&#8220;3vw&#8220; header_2_font=&#8220;Quicksand|700|||||||&#8220; header_2_text_color=&#8220;#000000&#8243; header_2_font_size=&#8220;28px&#8220; header_4_text_color=&#8220;#33281f&#8220; header_4_font_size=&#8220;1.5vw&#8220; width=&#8220;100%&#8220; width_tablet=&#8220;80%&#8220; width_phone=&#8220;100%&#8220; width_last_edited=&#8220;on|phone&#8220; animation_style=&#8220;fade&#8220; header_font_size_tablet=&#8220;4vw&#8220; header_font_size_phone=&#8220;5vw&#8220; header_font_size_last_edited=&#8220;on|phone&#8220; header_4_font_size_tablet=&#8220;3vw&#8220; header_4_font_size_phone=&#8220;3vw&#8220; header_4_font_size_last_edited=&#8220;on|desktop&#8220; global_colors_info=&#8220;{}&#8220;]<\/p>\n<h2>Pieczarkarnie<\/p>\n<\/h2>\n<p>Od 2022 roku nasze pieczarki rosna na r\u00f3\u017cnych objektach.<\/p>\n<ul>\n<li>Pieczarkarnie znajduj\u0105 sie w po\u0142udniowo-wschodniej Holandii\n<\/li>\n<li>Nesco to najwi\u0119kszy ekologiczny hodowca pieczarek w Europie Zachodniej\n<\/li>\n<li>\nProdukt jest w pe\u0142ni identyfikowalny<\/li>\n<\/ul>\n<p>[\/et_pb_text][et_pb_image src=&#8220;https:\/\/nescopaddenstoelen.nl\/wp-content\/uploads\/2023\/02\/nesco-medewerkster.png&#8220; alt=&#8220;nesco-medewerkster&#8220; title_text=&#8220;nesco-medewerkster&#8220; _builder_version=&#8220;4.18.0&#8243; _module_preset=&#8220;default&#8220; width=&#8220;100%&#8220; global_colors_info=&#8220;{}&#8220;][\/et_pb_image][\/et_pb_column][\/et_pb_row][\/et_pb_section][et_pb_section fb_built=&#8220;1&#8243; custom_padding_last_edited=&#8220;on|phone&#8220; disabled_on=&#8220;off|off|off&#8220; admin_label=&#8220;section&#8220; module_class=&#8220;onderkantchampignon&#8220; _builder_version=&#8220;4.17.6&#8243; background_color=&#8220;RGBA(255,255,255,0)&#8220; background_image=&#8220;https:\/\/nescopaddenstoelen.nl\/wp-content\/uploads\/2022\/06\/onderkant-champignon.jpg&#8220; background_position=&#8220;bottom_center&#8220; z_index=&#8220;50&#8243; custom_margin=&#8220;||||false|false&#8220; custom_padding=&#8220;20vw||20vw||true|false&#8220; custom_padding_tablet=&#8220;15vw||15vw||true|false&#8220; custom_padding_phone=&#8220;20vw||20vw||true|false&#8220; background_last_edited=&#8220;off|desktop&#8220; background_size_phone=&#8220;contain&#8220; background_position_phone=&#8220;bottom_center&#8220; global_colors_info=&#8220;{}&#8220;][\/et_pb_section][et_pb_section fb_built=&#8220;1&#8243; admin_label=&#8220;section&#8220; _builder_version=&#8220;4.17.4&#8243; background_color=&#8220;#39B54A&#8220; background_enable_image=&#8220;off&#8220; z_index=&#8220;10&#8243; custom_margin=&#8220;||||true|false&#8220; custom_margin_tablet=&#8220;20%||0px||false|false&#8220; custom_margin_phone=&#8220;20%||0px||false|false&#8220; custom_margin_last_edited=&#8220;off|desktop&#8220; custom_padding=&#8220;||||false|false&#8220; global_colors_info=&#8220;{}&#8220;][et_pb_row use_custom_gutter=&#8220;on&#8220; gutter_width=&#8220;1&#8243; _builder_version=&#8220;4.17.4&#8243; _module_preset=&#8220;default&#8220; width=&#8220;100%&#8220; max_width=&#8220;75%&#8220; global_colors_info=&#8220;{}&#8220;][et_pb_column type=&#8220;4_4&#8243; _builder_version=&#8220;4.16&#8243; _module_preset=&#8220;default&#8220; global_colors_info=&#8220;{}&#8220;][et_pb_gallery gallery_ids=&#8220;5778,5781,5814,5784,5811,5787,5790&#8243; posts_number=&#8220;7&#8243; orientation=&#8220;portrait&#8220; show_title_and_caption=&#8220;off&#8220; show_pagination=&#8220;off&#8220; module_class=&#8220;col-width&#8220; _builder_version=&#8220;4.16&#8243; _module_preset=&#8220;default&#8220; global_colors_info=&#8220;{}&#8220;][\/et_pb_gallery][\/et_pb_column][\/et_pb_row][\/et_pb_section]<\/p>\n","protected":false},"excerpt":{"rendered":"<p>StellenangeboteAktuell haben wir keine Stelle offen. Bitte kontaktieren Sie uns f\u00fcr eine offene Bewerbung. Zbi\u00f3r pieczarek w Holandii Nesco jest dystrybutorem Bio pieczarek. Obecnie pracuj\u0105 u nas 120 pracownikow w r\u00f3\u017cnych objektach w Holandii. Do naszej zgranej grupy szukamy os\u00f3b do pracy na zbi\u00f3r pieczarek. Mo\u017cliwo\u015b\u0107 startu od zaraz!Oferujemy: Kontrakt bezpo\u015brednio przez pracodawc\u0119, nie agencj\u0119 [&hellip;]<\/p>\n","protected":false},"author":1,"featured_media":0,"parent":0,"menu_order":0,"comment_status":"closed","ping_status":"closed","template":"","meta":{"_et_pb_use_builder":"on","_et_pb_old_content":"","_et_gb_content_width":"","inline_featured_image":false,"footnotes":""},"class_list":["post-6576","page","type-page","status-publish","hentry"],"yoast_head":"<!-- This site is optimized with the Yoast SEO plugin v20.4 - https:\/\/yoast.com\/wordpress\/plugins\/seo\/ -->\n<title>Karriere bei - Nesco<\/title>\n<meta name=\"robots\" content=\"index, follow, max-snippet:-1, max-image-preview:large, max-video-preview:-1\" \/>\n<link rel=\"canonical\" href=\"https:\/\/nescopaddenstoelen.nl\/de\/karriere-bei\/\" \/>\n<meta property=\"og:locale\" content=\"de_DE\" \/>\n<meta property=\"og:type\" content=\"article\" \/>\n<meta property=\"og:title\" content=\"Karriere bei - Nesco\" \/>\n<meta property=\"og:description\" content=\"StellenangeboteAktuell haben wir keine Stelle offen. Bitte kontaktieren Sie uns f\u00fcr eine offene Bewerbung. Zbi\u00f3r pieczarek w Holandii Nesco jest dystrybutorem Bio pieczarek. Obecnie pracuj\u0105 u nas 120 pracownikow w r\u00f3\u017cnych objektach w Holandii. Do naszej zgranej grupy szukamy os\u00f3b do pracy na zbi\u00f3r pieczarek. Mo\u017cliwo\u015b\u0107 startu od zaraz!Oferujemy: Kontrakt bezpo\u015brednio przez pracodawc\u0119, nie agencj\u0119 [&hellip;]\" \/>\n<meta property=\"og:url\" content=\"https:\/\/nescopaddenstoelen.nl\/de\/karriere-bei\/\" \/>\n<meta property=\"og:site_name\" content=\"Nesco\" \/>\n<meta property=\"article:publisher\" content=\"https:\/\/www.facebook.com\/Nescobv\" \/>\n<meta property=\"article:modified_time\" content=\"2023-02-23T11:31:33+00:00\" \/>\n<meta name=\"twitter:card\" content=\"summary_large_image\" \/>\n<meta name=\"twitter:label1\" content=\"Gesch\u00e4tzte Lesezeit\" \/>\n\t<meta name=\"twitter:data1\" content=\"9\u00a0Minuten\" \/>\n<script type=\"application\/ld+json\" class=\"yoast-schema-graph\">{\"@context\":\"https:\/\/schema.org\",\"@graph\":[{\"@type\":\"WebPage\",\"@id\":\"https:\/\/nescopaddenstoelen.nl\/de\/karriere-bei\/\",\"url\":\"https:\/\/nescopaddenstoelen.nl\/de\/karriere-bei\/\",\"name\":\"Karriere bei - Nesco\",\"isPartOf\":{\"@id\":\"https:\/\/nescopaddenstoelen.nl\/de\/#website\"},\"datePublished\":\"2022-09-27T10:02:59+00:00\",\"dateModified\":\"2023-02-23T11:31:33+00:00\",\"breadcrumb\":{\"@id\":\"https:\/\/nescopaddenstoelen.nl\/de\/karriere-bei\/#breadcrumb\"},\"inLanguage\":\"de\",\"potentialAction\":[{\"@type\":\"ReadAction\",\"target\":[\"https:\/\/nescopaddenstoelen.nl\/de\/karriere-bei\/\"]}]},{\"@type\":\"BreadcrumbList\",\"@id\":\"https:\/\/nescopaddenstoelen.nl\/de\/karriere-bei\/#breadcrumb\",\"itemListElement\":[{\"@type\":\"ListItem\",\"position\":1,\"name\":\"Home\",\"item\":\"https:\/\/nescopaddenstoelen.nl\/de\/\"},{\"@type\":\"ListItem\",\"position\":2,\"name\":\"Karriere bei\"}]},{\"@type\":\"WebSite\",\"@id\":\"https:\/\/nescopaddenstoelen.nl\/de\/#website\",\"url\":\"https:\/\/nescopaddenstoelen.nl\/de\/\",\"name\":\"Nesco B.V.\",\"description\":\"Biologische paddenstoelen\",\"publisher\":{\"@id\":\"https:\/\/nescopaddenstoelen.nl\/de\/#organization\"},\"potentialAction\":[{\"@type\":\"SearchAction\",\"target\":{\"@type\":\"EntryPoint\",\"urlTemplate\":\"https:\/\/nescopaddenstoelen.nl\/de\/?s={search_term_string}\"},\"query-input\":\"required name=search_term_string\"}],\"inLanguage\":\"de\"},{\"@type\":\"Organization\",\"@id\":\"https:\/\/nescopaddenstoelen.nl\/de\/#organization\",\"name\":\"Nesco B.V.\",\"url\":\"https:\/\/nescopaddenstoelen.nl\/de\/\",\"logo\":{\"@type\":\"ImageObject\",\"inLanguage\":\"de\",\"@id\":\"https:\/\/nescopaddenstoelen.nl\/de\/#\/schema\/logo\/image\/\",\"url\":\"https:\/\/nescopaddenstoelen.nl\/wp-content\/uploads\/2022\/06\/logo-nesco.svg\",\"contentUrl\":\"https:\/\/nescopaddenstoelen.nl\/wp-content\/uploads\/2022\/06\/logo-nesco.svg\",\"width\":1024,\"height\":1024,\"caption\":\"Nesco B.V.\"},\"image\":{\"@id\":\"https:\/\/nescopaddenstoelen.nl\/de\/#\/schema\/logo\/image\/\"},\"sameAs\":[\"https:\/\/www.facebook.com\/Nescobv\",\"https:\/\/www.youtube.com\/channel\/UC9uzM6xuD-tmqCv4Whak1dA\"]}]}<\/script>\n<!-- \/ Yoast SEO plugin. -->","yoast_head_json":{"title":"Karriere bei - Nesco","robots":{"index":"index","follow":"follow","max-snippet":"max-snippet:-1","max-image-preview":"max-image-preview:large","max-video-preview":"max-video-preview:-1"},"canonical":"https:\/\/nescopaddenstoelen.nl\/de\/karriere-bei\/","og_locale":"de_DE","og_type":"article","og_title":"Karriere bei - Nesco","og_description":"StellenangeboteAktuell haben wir keine Stelle offen. Bitte kontaktieren Sie uns f\u00fcr eine offene Bewerbung. Zbi\u00f3r pieczarek w Holandii Nesco jest dystrybutorem Bio pieczarek. Obecnie pracuj\u0105 u nas 120 pracownikow w r\u00f3\u017cnych objektach w Holandii. Do naszej zgranej grupy szukamy os\u00f3b do pracy na zbi\u00f3r pieczarek. Mo\u017cliwo\u015b\u0107 startu od zaraz!Oferujemy: Kontrakt bezpo\u015brednio przez pracodawc\u0119, nie agencj\u0119 [&hellip;]","og_url":"https:\/\/nescopaddenstoelen.nl\/de\/karriere-bei\/","og_site_name":"Nesco","article_publisher":"https:\/\/www.facebook.com\/Nescobv","article_modified_time":"2023-02-23T11:31:33+00:00","twitter_card":"summary_large_image","twitter_misc":{"Gesch\u00e4tzte Lesezeit":"9\u00a0Minuten"},"schema":{"@context":"https:\/\/schema.org","@graph":[{"@type":"WebPage","@id":"https:\/\/nescopaddenstoelen.nl\/de\/karriere-bei\/","url":"https:\/\/nescopaddenstoelen.nl\/de\/karriere-bei\/","name":"Karriere bei - Nesco","isPartOf":{"@id":"https:\/\/nescopaddenstoelen.nl\/de\/#website"},"datePublished":"2022-09-27T10:02:59+00:00","dateModified":"2023-02-23T11:31:33+00:00","breadcrumb":{"@id":"https:\/\/nescopaddenstoelen.nl\/de\/karriere-bei\/#breadcrumb"},"inLanguage":"de","potentialAction":[{"@type":"ReadAction","target":["https:\/\/nescopaddenstoelen.nl\/de\/karriere-bei\/"]}]},{"@type":"BreadcrumbList","@id":"https:\/\/nescopaddenstoelen.nl\/de\/karriere-bei\/#breadcrumb","itemListElement":[{"@type":"ListItem","position":1,"name":"Home","item":"https:\/\/nescopaddenstoelen.nl\/de\/"},{"@type":"ListItem","position":2,"name":"Karriere bei"}]},{"@type":"WebSite","@id":"https:\/\/nescopaddenstoelen.nl\/de\/#website","url":"https:\/\/nescopaddenstoelen.nl\/de\/","name":"Nesco B.V.","description":"Biologische paddenstoelen","publisher":{"@id":"https:\/\/nescopaddenstoelen.nl\/de\/#organization"},"potentialAction":[{"@type":"SearchAction","target":{"@type":"EntryPoint","urlTemplate":"https:\/\/nescopaddenstoelen.nl\/de\/?s={search_term_string}"},"query-input":"required name=search_term_string"}],"inLanguage":"de"},{"@type":"Organization","@id":"https:\/\/nescopaddenstoelen.nl\/de\/#organization","name":"Nesco B.V.","url":"https:\/\/nescopaddenstoelen.nl\/de\/","logo":{"@type":"ImageObject","inLanguage":"de","@id":"https:\/\/nescopaddenstoelen.nl\/de\/#\/schema\/logo\/image\/","url":"https:\/\/nescopaddenstoelen.nl\/wp-content\/uploads\/2022\/06\/logo-nesco.svg","contentUrl":"https:\/\/nescopaddenstoelen.nl\/wp-content\/uploads\/2022\/06\/logo-nesco.svg","width":1024,"height":1024,"caption":"Nesco B.V."},"image":{"@id":"https:\/\/nescopaddenstoelen.nl\/de\/#\/schema\/logo\/image\/"},"sameAs":["https:\/\/www.facebook.com\/Nescobv","https:\/\/www.youtube.com\/channel\/UC9uzM6xuD-tmqCv4Whak1dA"]}]}},"_links":{"self":[{"href":"https:\/\/nescopaddenstoelen.nl\/de\/wp-json\/wp\/v2\/pages\/6576","targetHints":{"allow":["GET"]}}],"collection":[{"href":"https:\/\/nescopaddenstoelen.nl\/de\/wp-json\/wp\/v2\/pages"}],"about":[{"href":"https:\/\/nescopaddenstoelen.nl\/de\/wp-json\/wp\/v2\/types\/page"}],"author":[{"embeddable":true,"href":"https:\/\/nescopaddenstoelen.nl\/de\/wp-json\/wp\/v2\/users\/1"}],"replies":[{"embeddable":true,"href":"https:\/\/nescopaddenstoelen.nl\/de\/wp-json\/wp\/v2\/comments?post=6576"}],"version-history":[{"count":7,"href":"https:\/\/nescopaddenstoelen.nl\/de\/wp-json\/wp\/v2\/pages\/6576\/revisions"}],"predecessor-version":[{"id":6694,"href":"https:\/\/nescopaddenstoelen.nl\/de\/wp-json\/wp\/v2\/pages\/6576\/revisions\/6694"}],"wp:attachment":[{"href":"https:\/\/nescopaddenstoelen.nl\/de\/wp-json\/wp\/v2\/media?parent=6576"}],"curies":[{"name":"wp","href":"https:\/\/api.w.org\/{rel}","templated":true}]}}