{"id":6548,"date":"2022-08-03T10:47:07","date_gmt":"2022-08-03T10:47:07","guid":{"rendered":"https:\/\/nescopaddenstoelen.nl\/ueber-uns\/alle-sind-happy\/"},"modified":"2023-02-17T11:02:27","modified_gmt":"2023-02-17T11:02:27","slug":"alle-sind-happy","status":"publish","type":"page","link":"https:\/\/nescopaddenstoelen.nl\/de\/ueber-uns\/alle-sind-happy\/","title":{"rendered":"Alle sind happy"},"content":{"rendered":"<p>[et_pb_section fb_built=&#8220;1&#8243; _builder_version=&#8220;4.17.6&#8243; _module_preset=&#8220;default&#8220; background_color=&#8220;RGBA(0,0,0,0)&#8220; background_image=&#8220;https:\/\/nescopaddenstoelen.nl\/wp-content\/uploads\/2022\/09\/Nesco-header-mix.jpg&#8220; parallax=&#8220;on&#8220; z_index=&#8220;10&#8243; width=&#8220;100%&#8220; custom_margin=&#8220;-140px||0px||false|false&#8220; custom_margin_tablet=&#8220;-140px||0px||false|false&#8220; custom_margin_phone=&#8220;-50px||||false|false&#8220; custom_margin_last_edited=&#8220;on|desktop&#8220; custom_padding=&#8220;0px||0px||true|false&#8220; background_last_edited=&#8220;on|phone&#8220; locked=&#8220;off&#8220; global_colors_info=&#8220;{}&#8220;][et_pb_row custom_padding_last_edited=&#8220;on|desktop&#8220; _builder_version=&#8220;4.17.4&#8243; _module_preset=&#8220;default&#8220; background_image=&#8220;https:\/\/nescopaddenstoelen.nl\/wp-content\/uploads\/2023\/02\/header-2.svg&#8220; background_position=&#8220;bottom_center&#8220; z_index=&#8220;10&#8243; width=&#8220;100%&#8220; max_width=&#8220;100%&#8220; custom_margin=&#8220;0px||0px||true|false&#8220; custom_padding=&#8220;30vw||10vw||false|false&#8220; custom_padding_tablet=&#8220;40vw||10vw||false|false&#8220; custom_padding_phone=&#8220;40vw||10vw||false|false&#8220; global_colors_info=&#8220;{}&#8220;][et_pb_column type=&#8220;4_4&#8243; _builder_version=&#8220;4.16&#8243; _module_preset=&#8220;default&#8220; global_colors_info=&#8220;{}&#8220;][\/et_pb_column][\/et_pb_row][\/et_pb_section][et_pb_section fb_built=&#8220;1&#8243; _builder_version=&#8220;4.17.6&#8243; _module_preset=&#8220;default&#8220; background_color=&#8220;RGBA(0,0,0,0)&#8220; background_enable_image=&#8220;off&#8220; background_position=&#8220;bottom_center&#8220; z_index=&#8220;30&#8243; custom_margin=&#8220;-4%||0px||false|false&#8220; custom_margin_tablet=&#8220;-4%||||false|false&#8220; custom_margin_phone=&#8220;-5%||||false|false&#8220; custom_margin_last_edited=&#8220;on|tablet&#8220; custom_padding=&#8220;0px||0px||true|false&#8220; locked=&#8220;off&#8220; global_colors_info=&#8220;{}&#8220;][et_pb_row _builder_version=&#8220;4.16&#8243; _module_preset=&#8220;default&#8220; width=&#8220;100%&#8220; max_width=&#8220;80%&#8220; custom_margin=&#8220;0px||0px||true|false&#8220; custom_padding=&#8220;0px||0px||true|false&#8220; global_colors_info=&#8220;{}&#8220;][et_pb_column type=&#8220;4_4&#8243; _builder_version=&#8220;4.16&#8243; _module_preset=&#8220;default&#8220; global_colors_info=&#8220;{}&#8220;][et_pb_text _builder_version=&#8220;4.17.6&#8243; _module_preset=&#8220;default&#8220; header_font=&#8220;Quicksand|700|||||||&#8220; header_text_color=&#8220;#FFFFFF&#8220; header_font_size=&#8220;3vw&#8220; header_font_size_tablet=&#8220;&#8220; header_font_size_phone=&#8220;4vw&#8220; header_font_size_last_edited=&#8220;on|phone&#8220; global_colors_info=&#8220;{}&#8220;]<\/p>\n<h1>Alle sind happy<\/h1>\n<p>[\/et_pb_text][\/et_pb_column][\/et_pb_row][\/et_pb_section][et_pb_section fb_built=&#8220;1&#8243; custom_padding_last_edited=&#8220;on|tablet&#8220; _builder_version=&#8220;4.17.6&#8243; _module_preset=&#8220;default&#8220; background_color=&#8220;RGBA(0,0,0,0)&#8220; background_image=&#8220;https:\/\/nescopaddenstoelen.nl\/wp-content\/uploads\/2023\/02\/bovenkant-champignon-2.svg&#8220; background_position=&#8220;top_center&#8220; z_index=&#8220;10&#8243; custom_margin=&#8220;||0px||false|false&#8220; custom_margin_tablet=&#8220;-10px||||false|false&#8220; custom_margin_phone=&#8220;||||false|false&#8220; custom_margin_last_edited=&#8220;on|phone&#8220; custom_padding=&#8220;30vw||3vw||false|false&#8220; custom_padding_tablet=&#8220;30vw||||false|false&#8220; custom_padding_phone=&#8220;20vw||20vw||false|false&#8220; background_last_edited=&#8220;on|phone&#8220; background_size_phone=&#8220;contain&#8220; locked=&#8220;off&#8220; global_colors_info=&#8220;{}&#8220;][\/et_pb_section][et_pb_section fb_built=&#8220;1&#8243; _builder_version=&#8220;4.16&#8243; _module_preset=&#8220;default&#8220; background_color=&#8220;RGBA(0,0,0,0)&#8220; z_index=&#8220;50&#8243; custom_margin=&#8220;-36%||||false|false&#8220; custom_margin_tablet=&#8220;&#8220; custom_margin_phone=&#8220;-40%||||false|false&#8220; custom_margin_last_edited=&#8220;on|tablet&#8220; custom_padding=&#8220;||||false|false&#8220; global_colors_info=&#8220;{}&#8220;][et_pb_row column_structure=&#8220;1_2,1_2&#8243; _builder_version=&#8220;4.16&#8243; _module_preset=&#8220;default&#8220; width=&#8220;100%&#8220; max_width=&#8220;75%&#8220; custom_padding=&#8220;200px|||||&#8220; global_colors_info=&#8220;{}&#8220;][et_pb_column type=&#8220;1_2&#8243; _builder_version=&#8220;4.16&#8243; _module_preset=&#8220;default&#8220; global_colors_info=&#8220;{}&#8220;][et_pb_text _builder_version=&#8220;4.17.6&#8243; _module_preset=&#8220;default&#8220; text_font=&#8220;Quicksand|300|||||||&#8220; text_text_color=&#8220;#1D1D1B&#8220; text_font_size=&#8220;23px&#8220; text_line_height=&#8220;1.8em&#8220; link_text_color=&#8220;#39B54A&#8220; header_text_color=&#8220;#00AA84&#8243; header_font_size=&#8220;3vw&#8220; header_2_font=&#8220;Quicksand|700|||||||&#8220; header_2_text_color=&#8220;#000000&#8243; header_2_font_size=&#8220;28px&#8220; header_4_text_color=&#8220;#33281f&#8220; header_4_font_size=&#8220;1.5vw&#8220; width=&#8220;100%&#8220; width_tablet=&#8220;80%&#8220; width_phone=&#8220;100%&#8220; width_last_edited=&#8220;on|phone&#8220; animation_style=&#8220;fade&#8220; header_font_size_tablet=&#8220;4vw&#8220; header_font_size_phone=&#8220;5vw&#8220; header_font_size_last_edited=&#8220;on|phone&#8220; header_4_font_size_tablet=&#8220;3vw&#8220; header_4_font_size_phone=&#8220;3vw&#8220; header_4_font_size_last_edited=&#8220;on|desktop&#8220; global_colors_info=&#8220;{}&#8220;]<\/p>\n<p>Nicht umsonst ist das unsere gr\u00f6\u00dfte Belohnung. Schlie\u00dflich ist es uns bei Nesco wichtig, dass das, was Sie essen, tun und erleben, Sie gl\u00fccklich macht. Dies gilt f\u00fcr jeden, der mit unseren Produkten in Ber\u00fchrung kommt, von Verbraucherinnen und Verbrauchern bis hin zu unseren Mitarbeiterinnen und Mitarbeitern.  <\/p>\n<p>Mit unserem Maskottchen Happy Champi bekr\u00e4ftigen wir unsere Mission und Vision. Demnach setzen wir auf Qualit\u00e4t und Nachhaltigkeit mit und f\u00fcr unsere Mitarbeiterinnen und Mitarbeiter. <\/p>\n<p>Alle sind happy. Gemeinsam machen wir die Welt ein bisschen sch\u00f6ner. <\/p>\n<p>[\/et_pb_text][\/et_pb_column][et_pb_column type=&#8220;1_2&#8243; _builder_version=&#8220;4.17.4&#8243; _module_preset=&#8220;default&#8220; global_colors_info=&#8220;{}&#8220;][et_pb_image src=&#8220;https:\/\/nescopaddenstoelen.nl\/wp-content\/uploads\/2023\/02\/iedereen-happy-2.svg&#8220; _builder_version=&#8220;4.17.6&#8243; _module_preset=&#8220;default&#8220; alt=&#8220;iedereen happy&#8220; title_text=&#8220;iedereen happy&#8220; hover_enabled=&#8220;0&#8243; sticky_enabled=&#8220;0&#8243; width=&#8220;60%&#8220;][\/et_pb_image][\/et_pb_column][\/et_pb_row][\/et_pb_section][et_pb_section fb_built=&#8220;1&#8243; custom_padding_last_edited=&#8220;on|desktop&#8220; _builder_version=&#8220;4.17.6&#8243; _module_preset=&#8220;default&#8220; background_enable_image=&#8220;off&#8220; background_size=&#8220;contain&#8220; background_position=&#8220;top_right&#8220; background_vertical_offset=&#8220;84%&#8220; z_index=&#8220;30&#8243; custom_padding=&#8220;0px||0px||true|false&#8220; custom_padding_tablet=&#8220;80px||80px||true|false&#8220; custom_padding_phone=&#8220;80px||80px||true|false&#8220; background_last_edited=&#8220;off|desktop&#8220; background_size_phone=&#8220;initial&#8220; background_position_phone=&#8220;bottom_center&#8220; global_colors_info=&#8220;{}&#8220;][et_pb_row column_structure=&#8220;1_2,1_2&#8243; _builder_version=&#8220;4.16&#8243; _module_preset=&#8220;default&#8220; width=&#8220;100%&#8220; max_width=&#8220;75%&#8220; custom_padding=&#8220;3px|||||&#8220; global_colors_info=&#8220;{}&#8220;][et_pb_column type=&#8220;1_2&#8243; _builder_version=&#8220;4.16&#8243; _module_preset=&#8220;default&#8220; global_colors_info=&#8220;{}&#8220;][\/et_pb_column][et_pb_column type=&#8220;1_2&#8243; _builder_version=&#8220;4.16&#8243; _module_preset=&#8220;default&#8220; global_colors_info=&#8220;{}&#8220;][\/et_pb_column][\/et_pb_row][\/et_pb_section][et_pb_section fb_built=&#8220;1&#8243; custom_padding_last_edited=&#8220;on|phone&#8220; disabled_on=&#8220;off|off|off&#8220; admin_label=&#8220;section&#8220; module_class=&#8220;onderkantchampignon&#8220; _builder_version=&#8220;4.17.6&#8243; background_color=&#8220;RGBA(255,255,255,0)&#8220; background_image=&#8220;https:\/\/nescopaddenstoelen.nl\/wp-content\/uploads\/2022\/06\/onderkant-champignon.jpg&#8220; background_position=&#8220;bottom_center&#8220; z_index=&#8220;50&#8243; custom_margin=&#8220;||||false|false&#8220; custom_padding=&#8220;20vw||20vw||true|false&#8220; custom_padding_tablet=&#8220;15vw||15vw||true|false&#8220; custom_padding_phone=&#8220;20vw||20vw||true|false&#8220; background_last_edited=&#8220;off|desktop&#8220; background_size_phone=&#8220;contain&#8220; background_position_phone=&#8220;bottom_center&#8220; locked=&#8220;off&#8220; global_colors_info=&#8220;{}&#8220;][\/et_pb_section][et_pb_section fb_built=&#8220;1&#8243; admin_label=&#8220;section&#8220; _builder_version=&#8220;4.17.4&#8243; background_color=&#8220;#39B54A&#8220; background_enable_image=&#8220;off&#8220; z_index=&#8220;10&#8243; custom_margin=&#8220;||||true|false&#8220; custom_margin_tablet=&#8220;20%||0px||false|false&#8220; custom_margin_phone=&#8220;20%||0px||false|false&#8220; custom_margin_last_edited=&#8220;off|desktop&#8220; custom_padding=&#8220;||||false|false&#8220; global_colors_info=&#8220;{}&#8220;][et_pb_row use_custom_gutter=&#8220;on&#8220; gutter_width=&#8220;1&#8243; _builder_version=&#8220;4.17.4&#8243; _module_preset=&#8220;default&#8220; width=&#8220;100%&#8220; max_width=&#8220;75%&#8220; global_colors_info=&#8220;{}&#8220;][et_pb_column type=&#8220;4_4&#8243; _builder_version=&#8220;4.16&#8243; _module_preset=&#8220;default&#8220; global_colors_info=&#8220;{}&#8220;][et_pb_gallery gallery_ids=&#8220;5778,5781,5814,5784,5811,5787,5790&#8243; posts_number=&#8220;7&#8243; orientation=&#8220;portrait&#8220; show_title_and_caption=&#8220;off&#8220; show_pagination=&#8220;off&#8220; module_class=&#8220;col-width&#8220; _builder_version=&#8220;4.16&#8243; _module_preset=&#8220;default&#8220; global_colors_info=&#8220;{}&#8220;][\/et_pb_gallery][\/et_pb_column][\/et_pb_row][\/et_pb_section]<\/p>\n","protected":false},"excerpt":{"rendered":"<p>Alle sind happyNicht umsonst ist das unsere gr\u00f6\u00dfte Belohnung. Schlie\u00dflich ist es uns bei Nesco wichtig, dass das, was Sie essen, tun und erleben, Sie gl\u00fccklich macht. Dies gilt f\u00fcr jeden, der mit unseren Produkten in Ber\u00fchrung kommt, von Verbraucherinnen und Verbrauchern bis hin zu unseren Mitarbeiterinnen und Mitarbeitern. Mit unserem Maskottchen Happy Champi bekr\u00e4ftigen [&hellip;]<\/p>\n","protected":false},"author":1,"featured_media":0,"parent":6470,"menu_order":0,"comment_status":"closed","ping_status":"closed","template":"","meta":{"_et_pb_use_builder":"on","_et_pb_old_content":"","_et_gb_content_width":"","inline_featured_image":false,"footnotes":""},"class_list":["post-6548","page","type-page","status-publish","hentry"],"yoast_head":"<!-- This site is optimized with the Yoast SEO plugin v20.4 - https:\/\/yoast.com\/wordpress\/plugins\/seo\/ -->\n<title>Alle sind happy - Nesco<\/title>\n<meta name=\"robots\" content=\"index, follow, max-snippet:-1, max-image-preview:large, max-video-preview:-1\" \/>\n<link rel=\"canonical\" href=\"https:\/\/nescopaddenstoelen.nl\/de\/ueber-uns\/alle-sind-happy\/\" \/>\n<meta property=\"og:locale\" content=\"de_DE\" \/>\n<meta property=\"og:type\" content=\"article\" \/>\n<meta property=\"og:title\" content=\"Alle sind happy - Nesco\" \/>\n<meta property=\"og:description\" content=\"Alle sind happyNicht umsonst ist das unsere gr\u00f6\u00dfte Belohnung. Schlie\u00dflich ist es uns bei Nesco wichtig, dass das, was Sie essen, tun und erleben, Sie gl\u00fccklich macht. Dies gilt f\u00fcr jeden, der mit unseren Produkten in Ber\u00fchrung kommt, von Verbraucherinnen und Verbrauchern bis hin zu unseren Mitarbeiterinnen und Mitarbeitern. Mit unserem Maskottchen Happy Champi bekr\u00e4ftigen [&hellip;]\" \/>\n<meta property=\"og:url\" content=\"https:\/\/nescopaddenstoelen.nl\/de\/ueber-uns\/alle-sind-happy\/\" \/>\n<meta property=\"og:site_name\" content=\"Nesco\" \/>\n<meta property=\"article:publisher\" content=\"https:\/\/www.facebook.com\/Nescobv\" \/>\n<meta property=\"article:modified_time\" content=\"2023-02-17T11:02:27+00:00\" \/>\n<meta name=\"twitter:card\" content=\"summary_large_image\" \/>\n<meta name=\"twitter:label1\" content=\"Gesch\u00e4tzte Lesezeit\" \/>\n\t<meta name=\"twitter:data1\" content=\"5\u00a0Minuten\" \/>\n<script type=\"application\/ld+json\" class=\"yoast-schema-graph\">{\"@context\":\"https:\/\/schema.org\",\"@graph\":[{\"@type\":\"WebPage\",\"@id\":\"https:\/\/nescopaddenstoelen.nl\/de\/ueber-uns\/alle-sind-happy\/\",\"url\":\"https:\/\/nescopaddenstoelen.nl\/de\/ueber-uns\/alle-sind-happy\/\",\"name\":\"Alle sind happy - Nesco\",\"isPartOf\":{\"@id\":\"https:\/\/nescopaddenstoelen.nl\/de\/#website\"},\"datePublished\":\"2022-08-03T10:47:07+00:00\",\"dateModified\":\"2023-02-17T11:02:27+00:00\",\"breadcrumb\":{\"@id\":\"https:\/\/nescopaddenstoelen.nl\/de\/ueber-uns\/alle-sind-happy\/#breadcrumb\"},\"inLanguage\":\"de\",\"potentialAction\":[{\"@type\":\"ReadAction\",\"target\":[\"https:\/\/nescopaddenstoelen.nl\/de\/ueber-uns\/alle-sind-happy\/\"]}]},{\"@type\":\"BreadcrumbList\",\"@id\":\"https:\/\/nescopaddenstoelen.nl\/de\/ueber-uns\/alle-sind-happy\/#breadcrumb\",\"itemListElement\":[{\"@type\":\"ListItem\",\"position\":1,\"name\":\"Home\",\"item\":\"https:\/\/nescopaddenstoelen.nl\/de\/\"},{\"@type\":\"ListItem\",\"position\":2,\"name\":\"\u00dcber uns\",\"item\":\"https:\/\/nescopaddenstoelen.nl\/de\/over-ons\/\"},{\"@type\":\"ListItem\",\"position\":3,\"name\":\"Alle sind happy\"}]},{\"@type\":\"WebSite\",\"@id\":\"https:\/\/nescopaddenstoelen.nl\/de\/#website\",\"url\":\"https:\/\/nescopaddenstoelen.nl\/de\/\",\"name\":\"Nesco B.V.\",\"description\":\"Biologische paddenstoelen\",\"publisher\":{\"@id\":\"https:\/\/nescopaddenstoelen.nl\/de\/#organization\"},\"potentialAction\":[{\"@type\":\"SearchAction\",\"target\":{\"@type\":\"EntryPoint\",\"urlTemplate\":\"https:\/\/nescopaddenstoelen.nl\/de\/?s={search_term_string}\"},\"query-input\":\"required name=search_term_string\"}],\"inLanguage\":\"de\"},{\"@type\":\"Organization\",\"@id\":\"https:\/\/nescopaddenstoelen.nl\/de\/#organization\",\"name\":\"Nesco B.V.\",\"url\":\"https:\/\/nescopaddenstoelen.nl\/de\/\",\"logo\":{\"@type\":\"ImageObject\",\"inLanguage\":\"de\",\"@id\":\"https:\/\/nescopaddenstoelen.nl\/de\/#\/schema\/logo\/image\/\",\"url\":\"https:\/\/nescopaddenstoelen.nl\/wp-content\/uploads\/2022\/06\/logo-nesco.svg\",\"contentUrl\":\"https:\/\/nescopaddenstoelen.nl\/wp-content\/uploads\/2022\/06\/logo-nesco.svg\",\"width\":1024,\"height\":1024,\"caption\":\"Nesco B.V.\"},\"image\":{\"@id\":\"https:\/\/nescopaddenstoelen.nl\/de\/#\/schema\/logo\/image\/\"},\"sameAs\":[\"https:\/\/www.facebook.com\/Nescobv\",\"https:\/\/www.youtube.com\/channel\/UC9uzM6xuD-tmqCv4Whak1dA\"]}]}<\/script>\n<!-- \/ Yoast SEO plugin. -->","yoast_head_json":{"title":"Alle sind happy - Nesco","robots":{"index":"index","follow":"follow","max-snippet":"max-snippet:-1","max-image-preview":"max-image-preview:large","max-video-preview":"max-video-preview:-1"},"canonical":"https:\/\/nescopaddenstoelen.nl\/de\/ueber-uns\/alle-sind-happy\/","og_locale":"de_DE","og_type":"article","og_title":"Alle sind happy - Nesco","og_description":"Alle sind happyNicht umsonst ist das unsere gr\u00f6\u00dfte Belohnung. Schlie\u00dflich ist es uns bei Nesco wichtig, dass das, was Sie essen, tun und erleben, Sie gl\u00fccklich macht. Dies gilt f\u00fcr jeden, der mit unseren Produkten in Ber\u00fchrung kommt, von Verbraucherinnen und Verbrauchern bis hin zu unseren Mitarbeiterinnen und Mitarbeitern. Mit unserem Maskottchen Happy Champi bekr\u00e4ftigen [&hellip;]","og_url":"https:\/\/nescopaddenstoelen.nl\/de\/ueber-uns\/alle-sind-happy\/","og_site_name":"Nesco","article_publisher":"https:\/\/www.facebook.com\/Nescobv","article_modified_time":"2023-02-17T11:02:27+00:00","twitter_card":"summary_large_image","twitter_misc":{"Gesch\u00e4tzte Lesezeit":"5\u00a0Minuten"},"schema":{"@context":"https:\/\/schema.org","@graph":[{"@type":"WebPage","@id":"https:\/\/nescopaddenstoelen.nl\/de\/ueber-uns\/alle-sind-happy\/","url":"https:\/\/nescopaddenstoelen.nl\/de\/ueber-uns\/alle-sind-happy\/","name":"Alle sind happy - Nesco","isPartOf":{"@id":"https:\/\/nescopaddenstoelen.nl\/de\/#website"},"datePublished":"2022-08-03T10:47:07+00:00","dateModified":"2023-02-17T11:02:27+00:00","breadcrumb":{"@id":"https:\/\/nescopaddenstoelen.nl\/de\/ueber-uns\/alle-sind-happy\/#breadcrumb"},"inLanguage":"de","potentialAction":[{"@type":"ReadAction","target":["https:\/\/nescopaddenstoelen.nl\/de\/ueber-uns\/alle-sind-happy\/"]}]},{"@type":"BreadcrumbList","@id":"https:\/\/nescopaddenstoelen.nl\/de\/ueber-uns\/alle-sind-happy\/#breadcrumb","itemListElement":[{"@type":"ListItem","position":1,"name":"Home","item":"https:\/\/nescopaddenstoelen.nl\/de\/"},{"@type":"ListItem","position":2,"name":"\u00dcber uns","item":"https:\/\/nescopaddenstoelen.nl\/de\/over-ons\/"},{"@type":"ListItem","position":3,"name":"Alle sind happy"}]},{"@type":"WebSite","@id":"https:\/\/nescopaddenstoelen.nl\/de\/#website","url":"https:\/\/nescopaddenstoelen.nl\/de\/","name":"Nesco B.V.","description":"Biologische paddenstoelen","publisher":{"@id":"https:\/\/nescopaddenstoelen.nl\/de\/#organization"},"potentialAction":[{"@type":"SearchAction","target":{"@type":"EntryPoint","urlTemplate":"https:\/\/nescopaddenstoelen.nl\/de\/?s={search_term_string}"},"query-input":"required name=search_term_string"}],"inLanguage":"de"},{"@type":"Organization","@id":"https:\/\/nescopaddenstoelen.nl\/de\/#organization","name":"Nesco B.V.","url":"https:\/\/nescopaddenstoelen.nl\/de\/","logo":{"@type":"ImageObject","inLanguage":"de","@id":"https:\/\/nescopaddenstoelen.nl\/de\/#\/schema\/logo\/image\/","url":"https:\/\/nescopaddenstoelen.nl\/wp-content\/uploads\/2022\/06\/logo-nesco.svg","contentUrl":"https:\/\/nescopaddenstoelen.nl\/wp-content\/uploads\/2022\/06\/logo-nesco.svg","width":1024,"height":1024,"caption":"Nesco B.V."},"image":{"@id":"https:\/\/nescopaddenstoelen.nl\/de\/#\/schema\/logo\/image\/"},"sameAs":["https:\/\/www.facebook.com\/Nescobv","https:\/\/www.youtube.com\/channel\/UC9uzM6xuD-tmqCv4Whak1dA"]}]}},"_links":{"self":[{"href":"https:\/\/nescopaddenstoelen.nl\/de\/wp-json\/wp\/v2\/pages\/6548","targetHints":{"allow":["GET"]}}],"collection":[{"href":"https:\/\/nescopaddenstoelen.nl\/de\/wp-json\/wp\/v2\/pages"}],"about":[{"href":"https:\/\/nescopaddenstoelen.nl\/de\/wp-json\/wp\/v2\/types\/page"}],"author":[{"embeddable":true,"href":"https:\/\/nescopaddenstoelen.nl\/de\/wp-json\/wp\/v2\/users\/1"}],"replies":[{"embeddable":true,"href":"https:\/\/nescopaddenstoelen.nl\/de\/wp-json\/wp\/v2\/comments?post=6548"}],"version-history":[{"count":3,"href":"https:\/\/nescopaddenstoelen.nl\/de\/wp-json\/wp\/v2\/pages\/6548\/revisions"}],"predecessor-version":[{"id":6551,"href":"https:\/\/nescopaddenstoelen.nl\/de\/wp-json\/wp\/v2\/pages\/6548\/revisions\/6551"}],"up":[{"embeddable":true,"href":"https:\/\/nescopaddenstoelen.nl\/de\/wp-json\/wp\/v2\/pages\/6470"}],"wp:attachment":[{"href":"https:\/\/nescopaddenstoelen.nl\/de\/wp-json\/wp\/v2\/media?parent=6548"}],"curies":[{"name":"wp","href":"https:\/\/api.w.org\/{rel}","templated":true}]}}