{"id":6458,"date":"2022-07-29T11:46:15","date_gmt":"2022-07-29T11:46:15","guid":{"rendered":"https:\/\/nescopaddenstoelen.nl\/kontakt\/"},"modified":"2025-02-15T09:38:16","modified_gmt":"2025-02-15T09:38:16","slug":"kontakt","status":"publish","type":"page","link":"https:\/\/nescopaddenstoelen.nl\/de\/kontakt\/","title":{"rendered":"Kontakt"},"content":{"rendered":"<p>[et_pb_section fb_built=&#8220;1&#8243; _builder_version=&#8220;4.17.6&#8243; _module_preset=&#8220;default&#8220; background_color=&#8220;RGBA(0,0,0,0)&#8220; background_image=&#8220;https:\/\/nescopaddenstoelen.nl\/wp-content\/uploads\/2022\/09\/Nesco-header-mix.jpg&#8220; parallax=&#8220;on&#8220; z_index=&#8220;10&#8243; width=&#8220;100%&#8220; custom_margin=&#8220;-140px||0px||false|false&#8220; custom_margin_tablet=&#8220;-140px||0px||false|false&#8220; custom_margin_phone=&#8220;-50px||||false|false&#8220; custom_margin_last_edited=&#8220;on|desktop&#8220; custom_padding=&#8220;0px||0px||true|false&#8220; background_last_edited=&#8220;on|phone&#8220; global_colors_info=&#8220;{}&#8220;][et_pb_row custom_padding_last_edited=&#8220;on|desktop&#8220; _builder_version=&#8220;4.17.4&#8243; _module_preset=&#8220;default&#8220; background_image=&#8220;https:\/\/nescopaddenstoelen.nl\/wp-content\/uploads\/2023\/02\/header-2.svg&#8220; background_position=&#8220;bottom_center&#8220; z_index=&#8220;10&#8243; width=&#8220;100%&#8220; max_width=&#8220;100%&#8220; custom_margin=&#8220;0px||0px||true|false&#8220; custom_padding=&#8220;30vw||10vw||false|false&#8220; custom_padding_tablet=&#8220;40vw||10vw||false|false&#8220; custom_padding_phone=&#8220;40vw||10vw||false|false&#8220; global_colors_info=&#8220;{}&#8220;][et_pb_column type=&#8220;4_4&#8243; _builder_version=&#8220;4.16&#8243; _module_preset=&#8220;default&#8220; global_colors_info=&#8220;{}&#8220;][\/et_pb_column][\/et_pb_row][\/et_pb_section][et_pb_section fb_built=&#8220;1&#8243; _builder_version=&#8220;4.17.6&#8243; _module_preset=&#8220;default&#8220; background_color=&#8220;RGBA(0,0,0,0)&#8220; background_enable_image=&#8220;off&#8220; background_position=&#8220;bottom_center&#8220; z_index=&#8220;30&#8243; custom_margin=&#8220;-7%||0px||false|false&#8220; custom_margin_tablet=&#8220;-8%||||false|false&#8220; custom_margin_phone=&#8220;-11%||||false|false&#8220; custom_margin_last_edited=&#8220;on|phone&#8220; custom_padding=&#8220;0px||0px||true|false&#8220; global_colors_info=&#8220;{}&#8220;][et_pb_row _builder_version=&#8220;4.16&#8243; _module_preset=&#8220;default&#8220; width=&#8220;100%&#8220; max_width=&#8220;80%&#8220; custom_margin=&#8220;0px||0px||true|false&#8220; custom_padding=&#8220;0px||0px||true|false&#8220; global_colors_info=&#8220;{}&#8220;][et_pb_column type=&#8220;4_4&#8243; _builder_version=&#8220;4.16&#8243; _module_preset=&#8220;default&#8220; global_colors_info=&#8220;{}&#8220;][et_pb_text _builder_version=&#8220;4.17.6&#8243; _module_preset=&#8220;default&#8220; header_font=&#8220;Quicksand|700|||||||&#8220; header_text_color=&#8220;#FFFFFF&#8220; header_font_size=&#8220;3vw&#8220; header_font_size_tablet=&#8220;&#8220; header_font_size_phone=&#8220;4vw&#8220; header_font_size_last_edited=&#8220;on|phone&#8220; global_colors_info=&#8220;{}&#8220;]<\/p>\n<h1>Kontakt mit uns<br \/>\n<\/h1>\n<p>[\/et_pb_text][\/et_pb_column][\/et_pb_row][\/et_pb_section][et_pb_section fb_built=&#8220;1&#8243; custom_padding_last_edited=&#8220;on|phone&#8220; _builder_version=&#8220;4.16&#8243; _module_preset=&#8220;default&#8220; background_color=&#8220;RGBA(0,0,0,0)&#8220; background_image=&#8220;https:\/\/nescopaddenstoelen.nl\/wp-content\/uploads\/2023\/02\/bovenkant-champignon-2.svg&#8220; background_position=&#8220;top_center&#8220; z_index=&#8220;10&#8243; custom_margin=&#8220;||0px||false|false&#8220; custom_margin_tablet=&#8220;&#8220; custom_margin_phone=&#8220;||||false|false&#8220; custom_margin_last_edited=&#8220;on|phone&#8220; custom_padding=&#8220;30vw||3vw||false|false&#8220; custom_padding_tablet=&#8220;&#8220; custom_padding_phone=&#8220;20vw||20vw||false|false&#8220; background_last_edited=&#8220;on|phone&#8220; background_size_phone=&#8220;contain&#8220; global_colors_info=&#8220;{}&#8220;][\/et_pb_section][et_pb_section fb_built=&#8220;1&#8243; _builder_version=&#8220;4.16&#8243; _module_preset=&#8220;default&#8220; background_color=&#8220;RGBA(0,0,0,0)&#8220; z_index=&#8220;50&#8243; custom_margin=&#8220;-36%||||false|false&#8220; custom_margin_tablet=&#8220;&#8220; custom_margin_phone=&#8220;-40%||||false|false&#8220; custom_margin_last_edited=&#8220;on|tablet&#8220; custom_padding=&#8220;||||false|false&#8220; global_colors_info=&#8220;{}&#8220;][et_pb_row column_structure=&#8220;1_2,1_2&#8243; _builder_version=&#8220;4.16&#8243; _module_preset=&#8220;default&#8220; width=&#8220;100%&#8220; max_width=&#8220;75%&#8220; custom_padding=&#8220;200px||70px|||&#8220; global_colors_info=&#8220;{}&#8220;][et_pb_column type=&#8220;1_2&#8243; _builder_version=&#8220;4.16&#8243; _module_preset=&#8220;default&#8220; global_colors_info=&#8220;{}&#8220;][et_pb_text _builder_version=&#8220;4.18.0&#8243; _module_preset=&#8220;default&#8220; text_font=&#8220;Quicksand|300|||||||&#8220; text_text_color=&#8220;#1D1D1B&#8220; text_font_size=&#8220;23px&#8220; text_line_height=&#8220;1.8em&#8220; link_text_color=&#8220;#39B54A&#8220; global_colors_info=&#8220;{}&#8220;]<\/p>\n<p>Haben Sie Fragen zu Nesco oder m\u00f6chten Sie mehr \u00fcber unsere Produkte erfahren? Dann f\u00fcllen Sie dieses Formular aus. Wir setzen uns gerne mit Ihnen in Verbindung.  <\/p>\n<p>[\/et_pb_text][\/et_pb_column][et_pb_column type=&#8220;1_2&#8243; _builder_version=&#8220;4.16&#8243; _module_preset=&#8220;default&#8220; global_colors_info=&#8220;{}&#8220;][\/et_pb_column][\/et_pb_row][et_pb_row column_structure=&#8220;1_3,1_3,1_3&#8243; use_custom_gutter=&#8220;on&#8220; gutter_width=&#8220;1&#8243; _builder_version=&#8220;4.17.6&#8243; _module_preset=&#8220;default&#8220; width=&#8220;100%&#8220; max_width=&#8220;75%&#8220; custom_padding=&#8220;0px|||||&#8220; global_colors_info=&#8220;{}&#8220;][et_pb_column type=&#8220;1_3&#8243; _builder_version=&#8220;4.16&#8243; _module_preset=&#8220;default&#8220; global_colors_info=&#8220;{}&#8220;][et_pb_text _builder_version=&#8220;4.17.6&#8243; _module_preset=&#8220;default&#8220; text_font=&#8220;Quicksand|300|||||||&#8220; text_text_color=&#8220;#000000&#8243; text_font_size=&#8220;22px&#8220; text_line_height=&#8220;1.8em&#8220; link_font=&#8220;Quicksand||||||||&#8220; link_text_color=&#8220;#000000&#8243; header_4_font=&#8220;Quicksand|700|||||||&#8220; header_4_font_size=&#8220;34px&#8220; text_font_size_tablet=&#8220;&#8220; text_font_size_phone=&#8220;16px&#8220; text_font_size_last_edited=&#8220;on|phone&#8220; global_colors_info=&#8220;{}&#8220;]<strong>\u00a9 Nesco <\/strong>B.V.<br \/>\nStatenweg 6b, 5427 HC Boekel<br \/>\n<strong>T<\/strong><a href=\"tel:00310857731088\"> +31 (0)85 7731088<\/a> [\/et_pb_text][et_pb_social_media_follow _builder_version=&#8220;4.18.0&#8243; _module_preset=&#8220;default&#8220; custom_margin=&#8220;30px|||||&#8220; global_colors_info=&#8220;{}&#8220;][et_pb_social_media_follow_network social_network=&#8220;facebook&#8220; url=&#8220;https:\/\/www.facebook.com\/Nescobv&#8220; icon_color=&#8220;#FFFFFF&#8220; use_icon_font_size=&#8220;on&#8220; icon_font_size=&#8220;20px&#8220; _builder_version=&#8220;4.17.4&#8243; _module_preset=&#8220;default&#8220; background_color=&#8220;#39B54A&#8220; background_enable_color=&#8220;on&#8220; border_radii=&#8220;on|20px|20px|20px|20px&#8220; global_colors_info=&#8220;{}&#8220; icon_color__hover_enabled=&#8220;on|desktop&#8220; icon_color__hover=&#8220;#FFFFFF&#8220; background__hover_enabled=&#8220;on|hover&#8220; background_color__hover=&#8220;#745C44&#8243; background_enable_color__hover=&#8220;on&#8220; follow_button=&#8220;off&#8220; url_new_window=&#8220;on&#8220;]facebook[\/et_pb_social_media_follow_network][et_pb_social_media_follow_network social_network=&#8220;linkedin&#8220; url=&#8220;https:\/\/www.linkedin.com\/company\/nesco-biologische-champignons\/&#8220; icon_color=&#8220;#FFFFFF&#8220; use_icon_font_size=&#8220;on&#8220; icon_font_size=&#8220;20px&#8220; _builder_version=&#8220;4.17.4&#8243; _module_preset=&#8220;default&#8220; background_color=&#8220;#745C44&#8243; background_enable_color=&#8220;on&#8220; border_radii=&#8220;on|20px|20px|20px|20px&#8220; global_colors_info=&#8220;{}&#8220; icon_color__hover_enabled=&#8220;on|desktop&#8220; icon_color__hover=&#8220;#FFFFFF&#8220; background__hover_enabled=&#8220;on|hover&#8220; background_color__hover=&#8220;#39B54A&#8220; background_enable_color__hover=&#8220;on&#8220; follow_button=&#8220;off&#8220; url_new_window=&#8220;on&#8220;]linkedin[\/et_pb_social_media_follow_network][et_pb_social_media_follow_network social_network=&#8220;youtube&#8220; url=&#8220;https:\/\/www.youtube.com\/channel\/UC9uzM6xuD-tmqCv4Whak1dA&#8220; icon_color=&#8220;#FFFFFF&#8220; use_icon_font_size=&#8220;on&#8220; icon_font_size=&#8220;20px&#8220; _builder_version=&#8220;4.18.0&#8243; _module_preset=&#8220;default&#8220; background_color=&#8220;#3c3c3b&#8220; background_enable_color=&#8220;on&#8220; border_radii=&#8220;on|20px|20px|20px|20px&#8220; global_colors_info=&#8220;{}&#8220; icon_color__hover=&#8220;#FFFFFF&#8220; icon_color__hover_enabled=&#8220;on|desktop&#8220; background_color__hover=&#8220;#39B54A&#8220; background__hover_enabled=&#8220;on|hover&#8220; background_enable_color__hover=&#8220;on&#8220; follow_button=&#8220;off&#8220; url_new_window=&#8220;on&#8220;]youtube[\/et_pb_social_media_follow_network][\/et_pb_social_media_follow][\/et_pb_column][et_pb_column type=&#8220;1_3&#8243; _builder_version=&#8220;4.16&#8243; _module_preset=&#8220;default&#8220; global_colors_info=&#8220;{}&#8220;][et_pb_contact_form captcha=&#8220;off&#8220; submit_button_text=&#8220;Senden&#8220; _builder_version=&#8220;4.17.6&#8243; _module_preset=&#8220;default&#8220; _unique_id=&#8220;a63b6f43-4d17-4f34-bc68-ad4443a099a7&#8243; custom_button=&#8220;on&#8220; button_text_color=&#8220;#FFFFFF&#8220; button_bg_color=&#8220;#39B54A&#8220; button_border_width=&#8220;0px&#8220; button_border_radius=&#8220;0px&#8220; hover_enabled=&#8220;0&#8243; global_colors_info=&#8220;{}&#8220; button_bg_color__hover_enabled=&#8220;on|hover&#8220; button_text_color__hover_enabled=&#8220;on|hover&#8220; button_text_color__hover=&#8220;#FFFFFF&#8220; button_bg_color__hover=&#8220;#745C44&#8243; button_bg_enable_color__hover=&#8220;on&#8220; sticky_enabled=&#8220;0&#8243; disabled_on=&#8220;on|on|on&#8220; disabled=&#8220;on&#8220;][et_pb_contact_field field_id=&#8220;Name&#8220; field_title=&#8220;Name&#8220; fullwidth_field=&#8220;on&#8220; _builder_version=&#8220;4.17.6&#8243; global_colors_info=&#8220;{}&#8220; button_text_size__hover_enabled=&#8220;off&#8220; button_one_text_size__hover_enabled=&#8220;off&#8220; button_two_text_size__hover_enabled=&#8220;off&#8220; button_text_color__hover_enabled=&#8220;off&#8220; button_one_text_color__hover_enabled=&#8220;off&#8220; button_two_text_color__hover_enabled=&#8220;off&#8220; button_border_width__hover_enabled=&#8220;off&#8220; button_one_border_width__hover_enabled=&#8220;off&#8220; button_two_border_width__hover_enabled=&#8220;off&#8220; button_border_color__hover_enabled=&#8220;off&#8220; button_one_border_color__hover_enabled=&#8220;off&#8220; button_two_border_color__hover_enabled=&#8220;off&#8220; button_border_radius__hover_enabled=&#8220;off&#8220; button_one_border_radius__hover_enabled=&#8220;off&#8220; button_two_border_radius__hover_enabled=&#8220;off&#8220; button_letter_spacing__hover_enabled=&#8220;off&#8220; button_one_letter_spacing__hover_enabled=&#8220;off&#8220; button_two_letter_spacing__hover_enabled=&#8220;off&#8220; button_bg_color__hover_enabled=&#8220;off&#8220; button_one_bg_color__hover_enabled=&#8220;off&#8220; button_two_bg_color__hover_enabled=&#8220;off&#8220;][\/et_pb_contact_field][et_pb_contact_field field_id=&#8220;Email&#8220; field_title=&#8220;E-mail&#8220; field_type=&#8220;email&#8220; fullwidth_field=&#8220;on&#8220; _builder_version=&#8220;4.17.6&#8243; global_colors_info=&#8220;{}&#8220; button_text_size__hover_enabled=&#8220;off&#8220; button_one_text_size__hover_enabled=&#8220;off&#8220; button_two_text_size__hover_enabled=&#8220;off&#8220; button_text_color__hover_enabled=&#8220;off&#8220; button_one_text_color__hover_enabled=&#8220;off&#8220; button_two_text_color__hover_enabled=&#8220;off&#8220; button_border_width__hover_enabled=&#8220;off&#8220; button_one_border_width__hover_enabled=&#8220;off&#8220; button_two_border_width__hover_enabled=&#8220;off&#8220; button_border_color__hover_enabled=&#8220;off&#8220; button_one_border_color__hover_enabled=&#8220;off&#8220; button_two_border_color__hover_enabled=&#8220;off&#8220; button_border_radius__hover_enabled=&#8220;off&#8220; button_one_border_radius__hover_enabled=&#8220;off&#8220; button_two_border_radius__hover_enabled=&#8220;off&#8220; button_letter_spacing__hover_enabled=&#8220;off&#8220; button_one_letter_spacing__hover_enabled=&#8220;off&#8220; button_two_letter_spacing__hover_enabled=&#8220;off&#8220; button_bg_color__hover_enabled=&#8220;off&#8220; button_one_bg_color__hover_enabled=&#8220;off&#8220; button_two_bg_color__hover_enabled=&#8220;off&#8220;][\/et_pb_contact_field][et_pb_contact_field field_id=&#8220;Message&#8220; field_title=&#8220;Geben Sie hier Ihre Nachricht ein&#8220; field_type=&#8220;text&#8220; fullwidth_field=&#8220;on&#8220; _builder_version=&#8220;4.17.6&#8243; global_colors_info=&#8220;{}&#8220; button_text_size__hover_enabled=&#8220;off&#8220; button_one_text_size__hover_enabled=&#8220;off&#8220; button_two_text_size__hover_enabled=&#8220;off&#8220; button_text_color__hover_enabled=&#8220;off&#8220; button_one_text_color__hover_enabled=&#8220;off&#8220; button_two_text_color__hover_enabled=&#8220;off&#8220; button_border_width__hover_enabled=&#8220;off&#8220; button_one_border_width__hover_enabled=&#8220;off&#8220; button_two_border_width__hover_enabled=&#8220;off&#8220; button_border_color__hover_enabled=&#8220;off&#8220; button_one_border_color__hover_enabled=&#8220;off&#8220; button_two_border_color__hover_enabled=&#8220;off&#8220; button_border_radius__hover_enabled=&#8220;off&#8220; button_one_border_radius__hover_enabled=&#8220;off&#8220; button_two_border_radius__hover_enabled=&#8220;off&#8220; button_letter_spacing__hover_enabled=&#8220;off&#8220; button_one_letter_spacing__hover_enabled=&#8220;off&#8220; button_two_letter_spacing__hover_enabled=&#8220;off&#8220; button_bg_color__hover_enabled=&#8220;off&#8220; button_one_bg_color__hover_enabled=&#8220;off&#8220; button_two_bg_color__hover_enabled=&#8220;off&#8220;][\/et_pb_contact_field][\/et_pb_contact_form][\/et_pb_column][et_pb_column type=&#8220;1_3&#8243; _builder_version=&#8220;4.16&#8243; _module_preset=&#8220;default&#8220; global_colors_info=&#8220;{}&#8220;][\/et_pb_column][\/et_pb_row][\/et_pb_section][et_pb_section fb_built=&#8220;1&#8243; admin_label=&#8220;section&#8220; _builder_version=&#8220;4.17.4&#8243; background_color=&#8220;#39B54A&#8220; background_enable_image=&#8220;off&#8220; z_index=&#8220;10&#8243; custom_margin=&#8220;||||true|false&#8220; custom_margin_tablet=&#8220;20%||0px||false|false&#8220; custom_margin_phone=&#8220;20%||0px||false|false&#8220; custom_margin_last_edited=&#8220;off|desktop&#8220; custom_padding=&#8220;||||false|false&#8220; global_colors_info=&#8220;{}&#8220;][et_pb_row use_custom_gutter=&#8220;on&#8220; gutter_width=&#8220;1&#8243; _builder_version=&#8220;4.17.4&#8243; _module_preset=&#8220;default&#8220; width=&#8220;100%&#8220; max_width=&#8220;75%&#8220; global_colors_info=&#8220;{}&#8220;][et_pb_column type=&#8220;4_4&#8243; _builder_version=&#8220;4.16&#8243; _module_preset=&#8220;default&#8220; global_colors_info=&#8220;{}&#8220;][et_pb_gallery gallery_ids=&#8220;5778,5781,5814,5784,5811,5787,5790&#8243; posts_number=&#8220;7&#8243; orientation=&#8220;portrait&#8220; show_title_and_caption=&#8220;off&#8220; show_pagination=&#8220;off&#8220; module_class=&#8220;col-width&#8220; _builder_version=&#8220;4.16&#8243; _module_preset=&#8220;default&#8220; global_colors_info=&#8220;{}&#8220;][\/et_pb_gallery][\/et_pb_column][\/et_pb_row][\/et_pb_section]<\/p>\n","protected":false},"excerpt":{"rendered":"<p>Kontakt mit uns Haben Sie Fragen zu Nesco oder m\u00f6chten Sie mehr \u00fcber unsere Produkte erfahren? Dann f\u00fcllen Sie dieses Formular aus. Wir setzen uns gerne mit Ihnen in Verbindung. \u00a9 Nesco B.V. Statenweg 6b, 5427 HC Boekel T +31 (0)85 7731088<\/p>\n","protected":false},"author":1,"featured_media":0,"parent":0,"menu_order":0,"comment_status":"closed","ping_status":"closed","template":"","meta":{"_et_pb_use_builder":"on","_et_pb_old_content":"","_et_gb_content_width":"","inline_featured_image":false,"footnotes":""},"class_list":["post-6458","page","type-page","status-publish","hentry"],"yoast_head":"<!-- This site is optimized with the Yoast SEO plugin v20.4 - https:\/\/yoast.com\/wordpress\/plugins\/seo\/ -->\n<title>Kontakt - Nesco<\/title>\n<meta name=\"robots\" content=\"index, follow, max-snippet:-1, max-image-preview:large, max-video-preview:-1\" \/>\n<link rel=\"canonical\" href=\"https:\/\/nescopaddenstoelen.nl\/de\/kontakt\/\" \/>\n<meta property=\"og:locale\" content=\"de_DE\" \/>\n<meta property=\"og:type\" content=\"article\" \/>\n<meta property=\"og:title\" content=\"Kontakt - Nesco\" \/>\n<meta property=\"og:description\" content=\"Kontakt mit uns Haben Sie Fragen zu Nesco oder m\u00f6chten Sie mehr \u00fcber unsere Produkte erfahren? Dann f\u00fcllen Sie dieses Formular aus. Wir setzen uns gerne mit Ihnen in Verbindung. \u00a9 Nesco B.V. Statenweg 6b, 5427 HC Boekel T +31 (0)85 7731088\" \/>\n<meta property=\"og:url\" content=\"https:\/\/nescopaddenstoelen.nl\/de\/kontakt\/\" \/>\n<meta property=\"og:site_name\" content=\"Nesco\" \/>\n<meta property=\"article:publisher\" content=\"https:\/\/www.facebook.com\/Nescobv\" \/>\n<meta property=\"article:modified_time\" content=\"2025-02-15T09:38:16+00:00\" \/>\n<meta name=\"twitter:card\" content=\"summary_large_image\" \/>\n<meta name=\"twitter:label1\" content=\"Gesch\u00e4tzte Lesezeit\" \/>\n\t<meta name=\"twitter:data1\" content=\"2\u00a0Minuten\" \/>\n<script type=\"application\/ld+json\" class=\"yoast-schema-graph\">{\"@context\":\"https:\/\/schema.org\",\"@graph\":[{\"@type\":\"WebPage\",\"@id\":\"https:\/\/nescopaddenstoelen.nl\/de\/kontakt\/\",\"url\":\"https:\/\/nescopaddenstoelen.nl\/de\/kontakt\/\",\"name\":\"Kontakt - Nesco\",\"isPartOf\":{\"@id\":\"https:\/\/nescopaddenstoelen.nl\/de\/#website\"},\"datePublished\":\"2022-07-29T11:46:15+00:00\",\"dateModified\":\"2025-02-15T09:38:16+00:00\",\"breadcrumb\":{\"@id\":\"https:\/\/nescopaddenstoelen.nl\/de\/kontakt\/#breadcrumb\"},\"inLanguage\":\"de\",\"potentialAction\":[{\"@type\":\"ReadAction\",\"target\":[\"https:\/\/nescopaddenstoelen.nl\/de\/kontakt\/\"]}]},{\"@type\":\"BreadcrumbList\",\"@id\":\"https:\/\/nescopaddenstoelen.nl\/de\/kontakt\/#breadcrumb\",\"itemListElement\":[{\"@type\":\"ListItem\",\"position\":1,\"name\":\"Home\",\"item\":\"https:\/\/nescopaddenstoelen.nl\/de\/\"},{\"@type\":\"ListItem\",\"position\":2,\"name\":\"Kontakt\"}]},{\"@type\":\"WebSite\",\"@id\":\"https:\/\/nescopaddenstoelen.nl\/de\/#website\",\"url\":\"https:\/\/nescopaddenstoelen.nl\/de\/\",\"name\":\"Nesco B.V.\",\"description\":\"Biologische paddenstoelen\",\"publisher\":{\"@id\":\"https:\/\/nescopaddenstoelen.nl\/de\/#organization\"},\"potentialAction\":[{\"@type\":\"SearchAction\",\"target\":{\"@type\":\"EntryPoint\",\"urlTemplate\":\"https:\/\/nescopaddenstoelen.nl\/de\/?s={search_term_string}\"},\"query-input\":\"required name=search_term_string\"}],\"inLanguage\":\"de\"},{\"@type\":\"Organization\",\"@id\":\"https:\/\/nescopaddenstoelen.nl\/de\/#organization\",\"name\":\"Nesco B.V.\",\"url\":\"https:\/\/nescopaddenstoelen.nl\/de\/\",\"logo\":{\"@type\":\"ImageObject\",\"inLanguage\":\"de\",\"@id\":\"https:\/\/nescopaddenstoelen.nl\/de\/#\/schema\/logo\/image\/\",\"url\":\"https:\/\/nescopaddenstoelen.nl\/wp-content\/uploads\/2022\/06\/logo-nesco.svg\",\"contentUrl\":\"https:\/\/nescopaddenstoelen.nl\/wp-content\/uploads\/2022\/06\/logo-nesco.svg\",\"width\":1024,\"height\":1024,\"caption\":\"Nesco B.V.\"},\"image\":{\"@id\":\"https:\/\/nescopaddenstoelen.nl\/de\/#\/schema\/logo\/image\/\"},\"sameAs\":[\"https:\/\/www.facebook.com\/Nescobv\",\"https:\/\/www.youtube.com\/channel\/UC9uzM6xuD-tmqCv4Whak1dA\"]}]}<\/script>\n<!-- \/ Yoast SEO plugin. -->","yoast_head_json":{"title":"Kontakt - Nesco","robots":{"index":"index","follow":"follow","max-snippet":"max-snippet:-1","max-image-preview":"max-image-preview:large","max-video-preview":"max-video-preview:-1"},"canonical":"https:\/\/nescopaddenstoelen.nl\/de\/kontakt\/","og_locale":"de_DE","og_type":"article","og_title":"Kontakt - Nesco","og_description":"Kontakt mit uns Haben Sie Fragen zu Nesco oder m\u00f6chten Sie mehr \u00fcber unsere Produkte erfahren? Dann f\u00fcllen Sie dieses Formular aus. Wir setzen uns gerne mit Ihnen in Verbindung. \u00a9 Nesco B.V. Statenweg 6b, 5427 HC Boekel T +31 (0)85 7731088","og_url":"https:\/\/nescopaddenstoelen.nl\/de\/kontakt\/","og_site_name":"Nesco","article_publisher":"https:\/\/www.facebook.com\/Nescobv","article_modified_time":"2025-02-15T09:38:16+00:00","twitter_card":"summary_large_image","twitter_misc":{"Gesch\u00e4tzte Lesezeit":"2\u00a0Minuten"},"schema":{"@context":"https:\/\/schema.org","@graph":[{"@type":"WebPage","@id":"https:\/\/nescopaddenstoelen.nl\/de\/kontakt\/","url":"https:\/\/nescopaddenstoelen.nl\/de\/kontakt\/","name":"Kontakt - Nesco","isPartOf":{"@id":"https:\/\/nescopaddenstoelen.nl\/de\/#website"},"datePublished":"2022-07-29T11:46:15+00:00","dateModified":"2025-02-15T09:38:16+00:00","breadcrumb":{"@id":"https:\/\/nescopaddenstoelen.nl\/de\/kontakt\/#breadcrumb"},"inLanguage":"de","potentialAction":[{"@type":"ReadAction","target":["https:\/\/nescopaddenstoelen.nl\/de\/kontakt\/"]}]},{"@type":"BreadcrumbList","@id":"https:\/\/nescopaddenstoelen.nl\/de\/kontakt\/#breadcrumb","itemListElement":[{"@type":"ListItem","position":1,"name":"Home","item":"https:\/\/nescopaddenstoelen.nl\/de\/"},{"@type":"ListItem","position":2,"name":"Kontakt"}]},{"@type":"WebSite","@id":"https:\/\/nescopaddenstoelen.nl\/de\/#website","url":"https:\/\/nescopaddenstoelen.nl\/de\/","name":"Nesco B.V.","description":"Biologische paddenstoelen","publisher":{"@id":"https:\/\/nescopaddenstoelen.nl\/de\/#organization"},"potentialAction":[{"@type":"SearchAction","target":{"@type":"EntryPoint","urlTemplate":"https:\/\/nescopaddenstoelen.nl\/de\/?s={search_term_string}"},"query-input":"required name=search_term_string"}],"inLanguage":"de"},{"@type":"Organization","@id":"https:\/\/nescopaddenstoelen.nl\/de\/#organization","name":"Nesco B.V.","url":"https:\/\/nescopaddenstoelen.nl\/de\/","logo":{"@type":"ImageObject","inLanguage":"de","@id":"https:\/\/nescopaddenstoelen.nl\/de\/#\/schema\/logo\/image\/","url":"https:\/\/nescopaddenstoelen.nl\/wp-content\/uploads\/2022\/06\/logo-nesco.svg","contentUrl":"https:\/\/nescopaddenstoelen.nl\/wp-content\/uploads\/2022\/06\/logo-nesco.svg","width":1024,"height":1024,"caption":"Nesco B.V."},"image":{"@id":"https:\/\/nescopaddenstoelen.nl\/de\/#\/schema\/logo\/image\/"},"sameAs":["https:\/\/www.facebook.com\/Nescobv","https:\/\/www.youtube.com\/channel\/UC9uzM6xuD-tmqCv4Whak1dA"]}]}},"_links":{"self":[{"href":"https:\/\/nescopaddenstoelen.nl\/de\/wp-json\/wp\/v2\/pages\/6458","targetHints":{"allow":["GET"]}}],"collection":[{"href":"https:\/\/nescopaddenstoelen.nl\/de\/wp-json\/wp\/v2\/pages"}],"about":[{"href":"https:\/\/nescopaddenstoelen.nl\/de\/wp-json\/wp\/v2\/types\/page"}],"author":[{"embeddable":true,"href":"https:\/\/nescopaddenstoelen.nl\/de\/wp-json\/wp\/v2\/users\/1"}],"replies":[{"embeddable":true,"href":"https:\/\/nescopaddenstoelen.nl\/de\/wp-json\/wp\/v2\/comments?post=6458"}],"version-history":[{"count":4,"href":"https:\/\/nescopaddenstoelen.nl\/de\/wp-json\/wp\/v2\/pages\/6458\/revisions"}],"predecessor-version":[{"id":7977,"href":"https:\/\/nescopaddenstoelen.nl\/de\/wp-json\/wp\/v2\/pages\/6458\/revisions\/7977"}],"wp:attachment":[{"href":"https:\/\/nescopaddenstoelen.nl\/de\/wp-json\/wp\/v2\/media?parent=6458"}],"curies":[{"name":"wp","href":"https:\/\/api.w.org\/{rel}","templated":true}]}}